{"id":8309,"date":"2025-10-13T00:46:52","date_gmt":"2025-10-12T22:46:52","guid":{"rendered":"https:\/\/cadcamstore.nl\/?page_id=8309"},"modified":"2026-03-25T19:08:16","modified_gmt":"2026-03-25T17:08:16","slug":"8309-2","status":"publish","type":"page","link":"https:\/\/cadcamstore.nl\/fr\/","title":{"rendered":"CADCAMSTORE"},"content":{"rendered":"\t\t<div data-elementor-type=\"wp-page\" data-elementor-id=\"8309\" class=\"elementor elementor-8309 elementor-3805\">\n\t\t\t\t<div class=\"elementor-element elementor-element-0678677 e-con-full elementor-hidden-tablet elementor-hidden-mobile e-flex e-con e-parent\" data-id=\"0678677\" data-element_type=\"container\">\n\t\t<div class=\"elementor-element elementor-element-44f234c e-con-full e-flex e-con e-child\" data-id=\"44f234c\" data-element_type=\"container\" id=\"herovideo\" data-settings=\"{&quot;background_background&quot;:&quot;video&quot;,&quot;background_play_on_mobile&quot;:&quot;yes&quot;}\">\n\t\t\t\t<div class=\"elementor-element elementor-element-be21d7b elementor-widget elementor-widget-shortcode\" data-id=\"be21d7b\" data-element_type=\"widget\" data-widget_type=\"shortcode.default\">\n\t\t\t\t\t\t\t<div class=\"elementor-shortcode\"><div style=\"position:relative;padding-top:56.25%;\"><iframe src=\"https:\/\/player.mediadelivery.net\/embed\/560461\/d53a811a-1968-4cab-a7b1-ec3ec5f22dc9?autoplay=true&amp;loop=true&amp;muted=true&amp;preload=true&amp;responsive=true\" loading=\"lazy\" style=\"border:0;position:absolute;top:0;height:100%;width:100%;\" allow=\"accelerometer;gyroscope;autoplay;encrypted-media;picture-in-picture;\" allowfullscreen=\"true\"><\/iframe><\/div><\/div>\n\t\t\t\t\t\t<\/div>\n\t\t\t\t<\/div>\n\t\t<div class=\"elementor-element elementor-element-9072de3 e-con-full e-flex e-con e-child\" data-id=\"9072de3\" data-element_type=\"container\">\n\t\t\t\t<div class=\"elementor-element elementor-element-eec8b02 elementor-widget elementor-widget-image\" data-id=\"eec8b02\" data-element_type=\"widget\" data-widget_type=\"image.default\">\n\t\t\t\t\t\t\t\t\t\t\t\t\t\t\t<img decoding=\"async\" src=\"https:\/\/cadcamstore.nl\/wp-content\/uploads\/elementor\/thumbs\/logo_gradient_white_slogan-rd8sg5es9pddvse6x2z67litln024n7oyitq5fz032.png\" title=\"logo_gradient_white_slogan\" alt=\"logo_gradient_white_slogan\" loading=\"lazy\" \/>\t\t\t\t\t\t\t\t\t\t\t\t\t\t\t<\/div>\n\t\t\t\t<div class=\"elementor-element elementor-element-b0eb64a elementor-widget__width-initial elementor-widget elementor-widget-text-editor\" data-id=\"b0eb64a\" data-element_type=\"widget\" data-widget_type=\"text-editor.default\">\n\t\t\t\t\t\t\t\t\t<p>Avec ENCY, vous travaillez de mani\u00e8re plus rapide, plus fine et plus intuitive. Notre logiciel de CAO\/FAO de pointe combine une automatisation pouss\u00e9e et une interface conviviale, afin que vous puissiez passer de la conception \u00e0 la fabrication avec un maximum de pr\u00e9cision et d&rsquo;efficacit\u00e9.<\/p>\t\t\t\t\t\t\t\t<\/div>\n\t\t\t\t<div class=\"elementor-element elementor-element-52e6406 elementor-button-info hero-cta elementor-align-center elementor-widget elementor-widget-button\" data-id=\"52e6406\" data-element_type=\"widget\" data-widget_type=\"button.default\">\n\t\t\t\t\t\t\t\t\t\t<a class=\"elementor-button elementor-button-link elementor-size-sm\" href=\"https:\/\/encycam.com\/registration\/\">\n\t\t\t\t\t\t<span class=\"elementor-button-content-wrapper\">\n\t\t\t\t\t\t\t\t\t<span class=\"elementor-button-text\">Essayer ENCY gratuitement<\/span>\n\t\t\t\t\t<\/span>\n\t\t\t\t\t<\/a>\n\t\t\t\t\t\t\t\t<\/div>\n\t\t\t\t<\/div>\n\t\t\t\t<\/div>\n\t\t\t\t<section class=\"elementor-section elementor-top-section elementor-element elementor-element-hogddnt elementor-hidden-desktop elementor-section-boxed elementor-section-height-default elementor-section-height-default\" data-id=\"hogddnt\" data-element_type=\"section\" data-settings=\"{&quot;background_background&quot;:&quot;video&quot;,&quot;background_video_link&quot;:&quot;https:\\\/\\\/vz-1ac63a33-f81.b-cdn.net\\\/d53a811a-1968-4cab-a7b1-ec3ec5f22dc9\\\/playlist.m3u8&quot;,&quot;background_play_on_mobile&quot;:&quot;yes&quot;}\">\n\t\t\t\t\t\t\t\t<div class=\"elementor-background-video-container\">\n\t\t\t\t\t\t\t\t\t\t\t\t\t<video class=\"elementor-background-video-hosted\" role=\"presentation\" autoplay muted playsinline loop><\/video>\n\t\t\t\t\t\t\t\t\t\t\t<\/div>\n\t\t\t\t\t\t\t\t\t<div class=\"elementor-background-overlay\"><\/div>\n\t\t\t\t\t\t\t<div class=\"elementor-container elementor-column-gap-no\">\n\t\t\t\t\t<div class=\"elementor-column elementor-col-100 elementor-top-column elementor-element elementor-element-6620a5f\" data-id=\"6620a5f\" data-element_type=\"column\">\n\t\t\t<div class=\"elementor-widget-wrap elementor-element-populated\">\n\t\t\t\t\t\t<div class=\"elementor-element elementor-element-d512b48 elementor-widget elementor-widget-image\" data-id=\"d512b48\" data-element_type=\"widget\" data-widget_type=\"image.default\">\n\t\t\t\t\t\t\t\t\t\t\t\t\t\t\t<img decoding=\"async\" src=\"https:\/\/cadcamstore.nl\/wp-content\/uploads\/elementor\/thumbs\/logo_gradient_white_slogan-rd8sg5es9pddvse6x2z67litln024n7oyitq5fz032.png\" title=\"logo_gradient_white_slogan\" alt=\"logo_gradient_white_slogan\" loading=\"lazy\" \/>\t\t\t\t\t\t\t\t\t\t\t\t\t\t\t<\/div>\n\t\t\t\t<div class=\"elementor-element elementor-element-851c927 elementor-widget__width-initial hero-intro elementor-widget elementor-widget-text-editor\" data-id=\"851c927\" data-element_type=\"widget\" data-widget_type=\"text-editor.default\">\n\t\t\t\t\t\t\t\t\t<p>Avec ENCY, vous travaillez de mani\u00e8re plus rapide, plus fine et plus intuitive. Notre logiciel de CAO\/FAO de pointe associe une automatisation pouss\u00e9e \u00e0 une interface conviviale, afin que vous puissiez passer de la conception \u00e0 la fabrication avec une pr\u00e9cision et une efficacit\u00e9 maximales. <\/p>\t\t\t\t\t\t\t\t<\/div>\n\t\t\t\t<div class=\"elementor-element elementor-element-3a10bc7 elementor-align-left elementor-button-info elementor-tablet-align-center hero-cta elementor-widget elementor-widget-button\" data-id=\"3a10bc7\" data-element_type=\"widget\" data-widget_type=\"button.default\">\n\t\t\t\t\t\t\t\t\t\t<a class=\"elementor-button elementor-button-link elementor-size-sm\" href=\"https:\/\/encycam.com\/registration\/\">\n\t\t\t\t\t\t<span class=\"elementor-button-content-wrapper\">\n\t\t\t\t\t\t\t\t\t<span class=\"elementor-button-text\">Essayer ENCY gratuitement<\/span>\n\t\t\t\t\t<\/span>\n\t\t\t\t\t<\/a>\n\t\t\t\t\t\t\t\t<\/div>\n\t\t\t\t\t<\/div>\n\t\t<\/div>\n\t\t\t\t\t<\/div>\n\t\t<\/section>\n\t\t<div class=\"elementor-element elementor-element-d213265 e-flex e-con-boxed e-con e-parent\" data-id=\"d213265\" data-element_type=\"container\" data-settings=\"{&quot;background_background&quot;:&quot;classic&quot;}\">\n\t\t\t\t\t<div class=\"e-con-inner\">\n\t\t\t\t<div class=\"elementor-element elementor-element-ef9fff0 elementor-widget elementor-widget-heading\" data-id=\"ef9fff0\" data-element_type=\"widget\" data-widget_type=\"heading.default\">\n\t\t\t\t\t<h2 class=\"elementor-heading-title elementor-size-default\">Environnement CAO\/FAO de pointe<\/h2>\t\t\t\t<\/div>\n\t\t\t\t<div class=\"elementor-element elementor-element-0c120bd elementor-widget__width-initial elementor-widget elementor-widget-text-editor\" data-id=\"0c120bd\" data-element_type=\"widget\" data-widget_type=\"text-editor.default\">\n\t\t\t\t\t\t\t\t\t<p>Technologie FAO innovante avec une interface utilisateur intuitive et un flux de travail naturel<\/p>\t\t\t\t\t\t\t\t<\/div>\n\t\t\t\t<div class=\"elementor-element elementor-element-25d8292 uael-button-stack-mobile uael-button-halign-center elementor-widget elementor-widget-uael-buttons\" data-id=\"25d8292\" data-element_type=\"widget\" data-widget_type=\"uael-buttons.default\">\n\t\t\t\t<div class=\"elementor-widget-container\">\n\t\t\t\t\t\t\t<div class=\"uael-dual-button-outer-wrap\">\n\t\t\t<div class=\"uael-dual-button-wrap\">\n\t\t\t\t\t\t\t\t<div class=\"uael-button-wrapper uael-dual-button elementor-widget-button elementor-repeater-item-e04a093 uael-dual-button-0\">\n\t\t\t\t\t<a class=\"elementor-button-link elementor-button elementor-size-lg elementor-button-link\" href=\"https:\/\/encycam.com\/registration\/\">\n\t\t\t\t\t\t\t\t<span class=\"elementor-button-content-wrapper uael-buttons-icon-\">\n\t\t\t\t\t\t\t\t\t\t\t\t<span class=\"elementor-align-icon- elementor-button-icon\">\n\t\t\t\t\t\t\t\t\t\t\t<\/span>\n\t\t\t\t\t\t\t\t\t\t<span class=\"elementor-button-text elementor-inline-editing\" data-elementor-setting-key=\"buttons.0.text\" data-elementor-inline-editing-toolbar=\"none\">Proc\u00e9dez \u00e0 une v\u00e9rification gratuite dans les 30 jours<\/span>\n\t\t<\/span>\n\t\t\t\t\t\t\t<\/a>\n\t\t\t\t<\/div>\n\t\t\t\t\t\t\t\t<div class=\"uael-button-wrapper uael-dual-button elementor-widget-button elementor-repeater-item-1849143 uael-dual-button-1\">\n\t\t\t\t\t<a class=\"elementor-button-link elementor-button elementor-size-lg elementor-button-link\" href=\"https:\/\/cadcamstore.nl\/contact\/\">\n\t\t\t\t\t\t\t\t<span class=\"elementor-button-content-wrapper uael-buttons-icon- elementor-button-content-wrapper uael-buttons-icon-\">\n\t\t\t\t\t\t\t\t\t\t\t\t<span class=\"elementor-align-icon- elementor-button-icon\">\n\t\t\t\t\t\t\t\t\t\t\t<\/span>\n\t\t\t\t\t\t\t\t\t\t<span class=\"elementor-button-text elementor-inline-editing\" data-elementor-setting-key=\"buttons.1.text\" data-elementor-inline-editing-toolbar=\"none\">Offres d'emploi<\/span>\n\t\t<\/span>\n\t\t\t\t\t\t\t<\/a>\n\t\t\t\t<\/div>\n\t\t\t\t\t\t\t<\/div>\n\t\t<\/div>\n\t\t\t\t\t\t<\/div>\n\t\t\t\t<\/div>\n\t\t\t\t\t<\/div>\n\t\t\t\t<\/div>\n\t\t<div class=\"elementor-element elementor-element-4a5acd1a e-flex e-con-boxed e-con e-parent\" data-id=\"4a5acd1a\" data-element_type=\"container\" data-settings=\"{&quot;background_background&quot;:&quot;classic&quot;}\">\n\t\t\t\t\t<div class=\"e-con-inner\">\n\t\t\t\t<div class=\"elementor-element elementor-element-416d2890 elementor-widget elementor-widget-image\" data-id=\"416d2890\" data-element_type=\"widget\" data-widget_type=\"image.default\">\n\t\t\t\t\t\t\t\t\t\t\t\t\t\t\t<img decoding=\"async\" src=\"https:\/\/cadcamstore.nl\/wp-content\/uploads\/2025\/10\/divider-bg.svg\" title=\"\" alt=\"\" loading=\"lazy\" \/>\t\t\t\t\t\t\t\t\t\t\t\t\t\t\t<\/div>\n\t\t\t\t\t<\/div>\n\t\t\t\t<\/div>\n\t\t<div class=\"elementor-element elementor-element-7c48d4ce e-flex e-con-boxed e-con e-parent\" data-id=\"7c48d4ce\" data-element_type=\"container\">\n\t\t\t\t\t<div class=\"e-con-inner\">\n\t\t\t\t<div class=\"elementor-element elementor-element-5422e219 elementor-widget elementor-widget-heading\" data-id=\"5422e219\" data-element_type=\"widget\" data-widget_type=\"heading.default\">\n\t\t\t\t\t<h2 class=\"elementor-heading-title elementor-size-default\">L'ENCY dans la pratique<\/h2>\t\t\t\t<\/div>\n\t\t\t\t<div class=\"elementor-element elementor-element-23f2d8b elementor-widget__width-initial elementor-widget elementor-widget-text-editor\" data-id=\"23f2d8b\" data-element_type=\"widget\" data-widget_type=\"text-editor.default\">\n\t\t\t\t\t\t\t\t\t<p>D\u00e9couvrez dans nos vid\u00e9os ce que vous apporte ENCY, des flux de travail simples aux m\u00e9thodes pratiques dans l&rsquo;industrie manufacturi\u00e8re.<\/p>\t\t\t\t\t\t\t\t<\/div>\n\t\t\t\t\t<\/div>\n\t\t\t\t<\/div>\n\t\t<div class=\"elementor-element elementor-element-178ae9c e-flex e-con-boxed e-con e-parent\" data-id=\"178ae9c\" data-element_type=\"container\">\n\t\t\t\t\t<div class=\"e-con-inner\">\n\t\t<div class=\"elementor-element elementor-element-6deb28a e-con-full e-flex e-con e-child\" data-id=\"6deb28a\" data-element_type=\"container\" data-settings=\"{&quot;background_background&quot;:&quot;classic&quot;}\">\n\t\t\t\t<div class=\"elementor-element elementor-element-c0d9cf7 elementor-widget elementor-widget-video\" data-id=\"c0d9cf7\" data-element_type=\"widget\" data-settings=\"{&quot;youtube_url&quot;:&quot;https:\\\/\\\/www.youtube.com\\\/watch?v=vZjqvn8DMus&quot;,&quot;video_type&quot;:&quot;youtube&quot;,&quot;controls&quot;:&quot;yes&quot;}\" data-widget_type=\"video.default\">\n\t\t\t\t\t\t\t<div class=\"elementor-wrapper elementor-open-inline\">\n\t\t\t<div class=\"elementor-video\"><\/div>\t\t<\/div>\n\t\t\t\t\t\t<\/div>\n\t\t\t\t<\/div>\n\t\t<div class=\"elementor-element elementor-element-fdc714a e-con-full e-flex e-con e-child\" data-id=\"fdc714a\" data-element_type=\"container\" data-settings=\"{&quot;background_background&quot;:&quot;classic&quot;}\">\n\t\t\t\t<div class=\"elementor-element elementor-element-24b3a83 elementor-widget elementor-widget-video\" data-id=\"24b3a83\" data-element_type=\"widget\" data-settings=\"{&quot;youtube_url&quot;:&quot;https:\\\/\\\/www.youtube.com\\\/watch?v=3chAppJTzK8&amp;t=76s&quot;,&quot;video_type&quot;:&quot;youtube&quot;,&quot;controls&quot;:&quot;yes&quot;}\" data-widget_type=\"video.default\">\n\t\t\t\t\t\t\t<div class=\"elementor-wrapper elementor-open-inline\">\n\t\t\t<div class=\"elementor-video\"><\/div>\t\t<\/div>\n\t\t\t\t\t\t<\/div>\n\t\t\t\t<\/div>\n\t\t<div class=\"elementor-element elementor-element-31ffa5d e-con-full e-flex e-con e-child\" data-id=\"31ffa5d\" data-element_type=\"container\" data-settings=\"{&quot;background_background&quot;:&quot;classic&quot;}\">\n\t\t\t\t<div class=\"elementor-element elementor-element-b9d2795 elementor-widget elementor-widget-video\" data-id=\"b9d2795\" data-element_type=\"widget\" data-settings=\"{&quot;youtube_url&quot;:&quot;https:\\\/\\\/www.youtube.com\\\/watch?v=M4BD4bEolRo&amp;t=284s&quot;,&quot;video_type&quot;:&quot;youtube&quot;,&quot;controls&quot;:&quot;yes&quot;}\" data-widget_type=\"video.default\">\n\t\t\t\t\t\t\t<div class=\"elementor-wrapper elementor-open-inline\">\n\t\t\t<div class=\"elementor-video\"><\/div>\t\t<\/div>\n\t\t\t\t\t\t<\/div>\n\t\t\t\t<\/div>\n\t\t\t\t\t<\/div>\n\t\t\t\t<\/div>\n\t\t<div class=\"elementor-element elementor-element-42652ac e-flex e-con-boxed e-con e-parent\" data-id=\"42652ac\" data-element_type=\"container\">\n\t\t\t\t\t<div class=\"e-con-inner\">\n\t\t<div class=\"elementor-element elementor-element-9d570f1 e-con-full e-flex e-con e-child\" data-id=\"9d570f1\" data-element_type=\"container\" data-settings=\"{&quot;background_background&quot;:&quot;classic&quot;}\">\n\t\t\t\t<div class=\"elementor-element elementor-element-7147fb5 elementor-widget elementor-widget-heading\" data-id=\"7147fb5\" data-element_type=\"widget\" data-widget_type=\"heading.default\">\n\t\t\t\t\t<h2 class=\"elementor-heading-title elementor-size-default\">Voir ENCY 2.0<\/h2>\t\t\t\t<\/div>\n\t\t\t\t<div class=\"elementor-element elementor-element-b2137eb elementor-widget elementor-widget-text-editor\" data-id=\"b2137eb\" data-element_type=\"widget\" data-widget_type=\"text-editor.default\">\n\t\t\t\t\t\t\t\t\t<p>L&rsquo;innovation, l&rsquo;\u00e9l\u00e9gance et la robustesse sont au c\u0153ur de ce projet. Il s&rsquo;appuie sur les performances de l&rsquo;IA, l&rsquo;automatisation g\u00e9ante et le contr\u00f4le intelligent des machines \u00e0 commande num\u00e9rique et des robots. <\/p>\t\t\t\t\t\t\t\t<\/div>\n\t\t\t\t<div class=\"elementor-element elementor-element-35de5fe elementor-button-info hero-cta elementor-align-center elementor-widget elementor-widget-button\" data-id=\"35de5fe\" data-element_type=\"widget\" data-widget_type=\"button.default\">\n\t\t\t\t\t\t\t\t\t\t<a class=\"elementor-button elementor-button-link elementor-size-sm\" href=\"https:\/\/encycam.com\/ency-2-0\/\" target=\"_blank\">\n\t\t\t\t\t\t<span class=\"elementor-button-content-wrapper\">\n\t\t\t\t\t\t\t\t\t<span class=\"elementor-button-text\">Voir ENCY 2.0<\/span>\n\t\t\t\t\t<\/span>\n\t\t\t\t\t<\/a>\n\t\t\t\t\t\t\t\t<\/div>\n\t\t\t\t<\/div>\n\t\t\t\t\t<\/div>\n\t\t\t\t<\/div>\n\t\t<div class=\"elementor-element elementor-element-8aa1f03 e-flex e-con-boxed e-con e-parent\" data-id=\"8aa1f03\" data-element_type=\"container\">\n\t\t\t\t\t<div class=\"e-con-inner\">\n\t\t\t\t<div class=\"elementor-element elementor-element-e2ecb0f elementor-widget elementor-widget-spacer\" data-id=\"e2ecb0f\" data-element_type=\"widget\" data-widget_type=\"spacer.default\">\n\t\t\t\t\t\t\t<div class=\"elementor-spacer\">\n\t\t\t<div class=\"elementor-spacer-inner\"><\/div>\n\t\t<\/div>\n\t\t\t\t\t\t<\/div>\n\t\t\t\t\t<\/div>\n\t\t\t\t<\/div>\n\t\t\t\t<\/div>\n\t\t","protected":false},"excerpt":{"rendered":"<p>Avec ENCY, vous travaillez de mani\u00e8re plus rapide, plus fine et plus intuitive. Notre logiciel de CAO\/FAO de pointe combine [&hellip;]<\/p>\n","protected":false},"author":1,"featured_media":0,"parent":0,"menu_order":0,"comment_status":"closed","ping_status":"closed","template":"","meta":{"site-sidebar-layout":"no-sidebar","site-content-layout":"","ast-site-content-layout":"full-width-container","site-content-style":"default","site-sidebar-style":"default","ast-global-header-display":"","ast-banner-title-visibility":"","ast-main-header-display":"","ast-hfb-above-header-display":"","ast-hfb-below-header-display":"","ast-hfb-mobile-header-display":"","site-post-title":"","ast-breadcrumbs-content":"","ast-featured-img":"disabled","footer-sml-layout":"","ast-disable-related-posts":"","theme-transparent-header-meta":"enabled","adv-header-id-meta":"","stick-header-meta":"","header-above-stick-meta":"","header-main-stick-meta":"","header-below-stick-meta":"","astra-migrate-meta-layouts":"set","ast-page-background-enabled":"default","ast-page-background-meta":{"desktop":{"background-color":"var(--ast-global-color-5)","background-image":"","background-repeat":"repeat","background-position":"center center","background-size":"auto","background-attachment":"scroll","background-type":"","background-media":"","overlay-type":"","overlay-color":"","overlay-opacity":"","overlay-gradient":""},"tablet":{"background-color":"","background-image":"","background-repeat":"repeat","background-position":"center center","background-size":"auto","background-attachment":"scroll","background-type":"","background-media":"","overlay-type":"","overlay-color":"","overlay-opacity":"","overlay-gradient":""},"mobile":{"background-color":"","background-image":"","background-repeat":"repeat","background-position":"center center","background-size":"auto","background-attachment":"scroll","background-type":"","background-media":"","overlay-type":"","overlay-color":"","overlay-opacity":"","overlay-gradient":""}},"ast-content-background-meta":{"desktop":{"background-color":"var(--ast-global-color-4)","background-image":"","background-repeat":"repeat","background-position":"center center","background-size":"auto","background-attachment":"scroll","background-type":"","background-media":"","overlay-type":"","overlay-color":"","overlay-opacity":"","overlay-gradient":""},"tablet":{"background-color":"var(--ast-global-color-4)","background-image":"","background-repeat":"repeat","background-position":"center center","background-size":"auto","background-attachment":"scroll","background-type":"","background-media":"","overlay-type":"","overlay-color":"","overlay-opacity":"","overlay-gradient":""},"mobile":{"background-color":"var(--ast-global-color-4)","background-image":"","background-repeat":"repeat","background-position":"center center","background-size":"auto","background-attachment":"scroll","background-type":"","background-media":"","overlay-type":"","overlay-color":"","overlay-opacity":"","overlay-gradient":""}},"footnotes":""},"class_list":["post-8309","page","type-page","status-publish","hentry"],"yoast_head":"<!-- This site is optimized with the Yoast SEO plugin v27.2 - https:\/\/yoast.com\/product\/yoast-seo-wordpress\/ -->\n<title>CADCAMSTORE -<\/title>\n<meta name=\"robots\" content=\"index, follow, max-snippet:-1, max-image-preview:large, max-video-preview:-1\" \/>\n<link rel=\"canonical\" href=\"https:\/\/cadcamstore.nl\/\" \/>\n<meta property=\"og:locale\" content=\"fr_FR\" \/>\n<meta property=\"og:type\" content=\"article\" \/>\n<meta property=\"og:title\" content=\"CADCAMSTORE -\" \/>\n<meta property=\"og:description\" content=\"Avec ENCY, vous travaillez de mani\u00e8re plus rapide, plus fine et plus intuitive. Notre logiciel de CAO\/FAO de pointe combine [&hellip;]\" \/>\n<meta property=\"og:url\" content=\"https:\/\/cadcamstore.nl\/\" \/>\n<meta property=\"article:modified_time\" content=\"2026-03-25T17:08:16+00:00\" \/>\n<meta property=\"og:image\" content=\"https:\/\/cadcamstore.nl\/wp-content\/uploads\/elementor\/thumbs\/logo_gradient_white_slogan-rd8sg5es9pddvse6x2z67litln024n7oyitq5fz032.png\" \/>\n<meta name=\"twitter:card\" content=\"summary_large_image\" \/>\n<meta name=\"twitter:label1\" content=\"Dur\u00e9e de lecture estim\u00e9e\" \/>\n\t<meta name=\"twitter:data1\" content=\"1 minute\" \/>\n<script type=\"application\/ld+json\" class=\"yoast-schema-graph\">{\"@context\":\"https:\/\/schema.org\",\"@graph\":[{\"@type\":\"WebPage\",\"@id\":\"https:\/\/cadcamstore.nl\/\",\"url\":\"https:\/\/cadcamstore.nl\/\",\"name\":\"CADCAMSTORE -\",\"isPartOf\":{\"@id\":\"https:\/\/cadcamstore.nl\/fr\/#website\"},\"primaryImageOfPage\":{\"@id\":\"https:\/\/cadcamstore.nl\/#primaryimage\"},\"image\":{\"@id\":\"https:\/\/cadcamstore.nl\/#primaryimage\"},\"thumbnailUrl\":\"https:\/\/cadcamstore.nl\/wp-content\/uploads\/elementor\/thumbs\/logo_gradient_white_slogan-rd8sg5es9pddvse6x2z67litln024n7oyitq5fz032.png\",\"datePublished\":\"2025-10-12T22:46:52+00:00\",\"dateModified\":\"2026-03-25T17:08:16+00:00\",\"breadcrumb\":{\"@id\":\"https:\/\/cadcamstore.nl\/#breadcrumb\"},\"inLanguage\":\"fr-FR\",\"potentialAction\":[{\"@type\":\"ReadAction\",\"target\":[\"https:\/\/cadcamstore.nl\/\"]}]},{\"@type\":\"ImageObject\",\"inLanguage\":\"fr-FR\",\"@id\":\"https:\/\/cadcamstore.nl\/#primaryimage\",\"url\":\"https:\/\/cadcamstore.nl\/wp-content\/uploads\/elementor\/thumbs\/logo_gradient_white_slogan-rd8sg5es9pddvse6x2z67litln024n7oyitq5fz032.png\",\"contentUrl\":\"https:\/\/cadcamstore.nl\/wp-content\/uploads\/elementor\/thumbs\/logo_gradient_white_slogan-rd8sg5es9pddvse6x2z67litln024n7oyitq5fz032.png\"},{\"@type\":\"BreadcrumbList\",\"@id\":\"https:\/\/cadcamstore.nl\/#breadcrumb\",\"itemListElement\":[{\"@type\":\"ListItem\",\"position\":1,\"name\":\"Home\",\"item\":\"https:\/\/cadcamstore.nl\/\"},{\"@type\":\"ListItem\",\"position\":2,\"name\":\"CADCAMSTORE\"}]},{\"@type\":\"WebSite\",\"@id\":\"https:\/\/cadcamstore.nl\/fr\/#website\",\"url\":\"https:\/\/cadcamstore.nl\/fr\/\",\"name\":\"\",\"description\":\"\",\"potentialAction\":[{\"@type\":\"SearchAction\",\"target\":{\"@type\":\"EntryPoint\",\"urlTemplate\":\"https:\/\/cadcamstore.nl\/fr\/?s={search_term_string}\"},\"query-input\":{\"@type\":\"PropertyValueSpecification\",\"valueRequired\":true,\"valueName\":\"search_term_string\"}}],\"inLanguage\":\"fr-FR\"}]}<\/script>\n<!-- \/ Yoast SEO plugin. -->","yoast_head_json":{"title":"CADCAMSTORE -","robots":{"index":"index","follow":"follow","max-snippet":"max-snippet:-1","max-image-preview":"max-image-preview:large","max-video-preview":"max-video-preview:-1"},"canonical":"https:\/\/cadcamstore.nl\/","og_locale":"fr_FR","og_type":"article","og_title":"CADCAMSTORE -","og_description":"Avec ENCY, vous travaillez de mani\u00e8re plus rapide, plus fine et plus intuitive. Notre logiciel de CAO\/FAO de pointe combine [&hellip;]","og_url":"https:\/\/cadcamstore.nl\/","article_modified_time":"2026-03-25T17:08:16+00:00","og_image":[{"url":"https:\/\/cadcamstore.nl\/wp-content\/uploads\/elementor\/thumbs\/logo_gradient_white_slogan-rd8sg5es9pddvse6x2z67litln024n7oyitq5fz032.png","type":"","width":"","height":""}],"twitter_card":"summary_large_image","twitter_misc":{"Dur\u00e9e de lecture estim\u00e9e":"1 minute"},"schema":{"@context":"https:\/\/schema.org","@graph":[{"@type":"WebPage","@id":"https:\/\/cadcamstore.nl\/","url":"https:\/\/cadcamstore.nl\/","name":"CADCAMSTORE -","isPartOf":{"@id":"https:\/\/cadcamstore.nl\/fr\/#website"},"primaryImageOfPage":{"@id":"https:\/\/cadcamstore.nl\/#primaryimage"},"image":{"@id":"https:\/\/cadcamstore.nl\/#primaryimage"},"thumbnailUrl":"https:\/\/cadcamstore.nl\/wp-content\/uploads\/elementor\/thumbs\/logo_gradient_white_slogan-rd8sg5es9pddvse6x2z67litln024n7oyitq5fz032.png","datePublished":"2025-10-12T22:46:52+00:00","dateModified":"2026-03-25T17:08:16+00:00","breadcrumb":{"@id":"https:\/\/cadcamstore.nl\/#breadcrumb"},"inLanguage":"fr-FR","potentialAction":[{"@type":"ReadAction","target":["https:\/\/cadcamstore.nl\/"]}]},{"@type":"ImageObject","inLanguage":"fr-FR","@id":"https:\/\/cadcamstore.nl\/#primaryimage","url":"https:\/\/cadcamstore.nl\/wp-content\/uploads\/elementor\/thumbs\/logo_gradient_white_slogan-rd8sg5es9pddvse6x2z67litln024n7oyitq5fz032.png","contentUrl":"https:\/\/cadcamstore.nl\/wp-content\/uploads\/elementor\/thumbs\/logo_gradient_white_slogan-rd8sg5es9pddvse6x2z67litln024n7oyitq5fz032.png"},{"@type":"BreadcrumbList","@id":"https:\/\/cadcamstore.nl\/#breadcrumb","itemListElement":[{"@type":"ListItem","position":1,"name":"Home","item":"https:\/\/cadcamstore.nl\/"},{"@type":"ListItem","position":2,"name":"CADCAMSTORE"}]},{"@type":"WebSite","@id":"https:\/\/cadcamstore.nl\/fr\/#website","url":"https:\/\/cadcamstore.nl\/fr\/","name":"","description":"","potentialAction":[{"@type":"SearchAction","target":{"@type":"EntryPoint","urlTemplate":"https:\/\/cadcamstore.nl\/fr\/?s={search_term_string}"},"query-input":{"@type":"PropertyValueSpecification","valueRequired":true,"valueName":"search_term_string"}}],"inLanguage":"fr-FR"}]}},"_links":{"self":[{"href":"https:\/\/cadcamstore.nl\/fr\/wp-json\/wp\/v2\/pages\/8309","targetHints":{"allow":["GET"]}}],"collection":[{"href":"https:\/\/cadcamstore.nl\/fr\/wp-json\/wp\/v2\/pages"}],"about":[{"href":"https:\/\/cadcamstore.nl\/fr\/wp-json\/wp\/v2\/types\/page"}],"author":[{"embeddable":true,"href":"https:\/\/cadcamstore.nl\/fr\/wp-json\/wp\/v2\/users\/1"}],"replies":[{"embeddable":true,"href":"https:\/\/cadcamstore.nl\/fr\/wp-json\/wp\/v2\/comments?post=8309"}],"version-history":[{"count":12,"href":"https:\/\/cadcamstore.nl\/fr\/wp-json\/wp\/v2\/pages\/8309\/revisions"}],"predecessor-version":[{"id":8532,"href":"https:\/\/cadcamstore.nl\/fr\/wp-json\/wp\/v2\/pages\/8309\/revisions\/8532"}],"wp:attachment":[{"href":"https:\/\/cadcamstore.nl\/fr\/wp-json\/wp\/v2\/media?parent=8309"}],"curies":[{"name":"wp","href":"https:\/\/api.w.org\/{rel}","templated":true}]}}